{"id":738,"date":"2021-09-11T19:10:09","date_gmt":"2021-09-11T17:10:09","guid":{"rendered":"https:\/\/journey-unknown.com\/?page_id=738"},"modified":"2021-09-29T17:55:20","modified_gmt":"2021-09-29T15:55:20","slug":"ueber-mich","status":"publish","type":"page","link":"https:\/\/journey-unknown.com\/de\/ueber-mich\/","title":{"rendered":"\u00dcber mich"},"content":{"rendered":"<style id=\"kb-rowlayout_7c0596-66\">@media all and (min-width: 768px){#kt-layout-id_7c0596-66 > .kt-row-column-wrap > .inner-column-1{flex:0 1 55%;-webkit-flex:0 1 55%;}#kt-layout-id_7c0596-66 > .kt-row-column-wrap > .inner-column-2{flex:0 1 45%;-webkit-flex:0 1 45%;}}<\/style>\n<div class=\"wp-block-kadence-rowlayout alignnone\"><div id=\"kt-layout-id_7c0596-66\" class=\"kt-row-layout-inner kt-layout-id_7c0596-66\"><div class=\"kt-row-column-wrap kt-has-2-columns kt-gutter-default kt-v-gutter-default kt-row-valign-top kt-row-layout-equal kt-tab-layout-inherit kt-m-colapse-left-to-right kt-mobile-layout-row  kt-custom-first-width-55  kt-custom-second-width-45\">\n<div class=\"wp-block-kadence-column inner-column-1 kadence-column_6cbb64-5b\"><div class=\"kt-inside-inner-col\">\n<h1 class=\"kt-adv-heading_2f8326-cf wp-block-kadence-advancedheading\" data-kb-block=\"kb-adv-heading_2f8326-cf\">Willkommen auf meinem Reiseblog!&nbsp;<\/h1>\n\n\n\n<p>Ich bin Elena, 26, Studentin und vom sch\u00f6nen Niederrhein, direkt an der holl\u00e4ndischen Grenze. Was vermutlich ziemlich offensichtlich ist, aber: Ich liebe es zu reisen. Dabei liebe ich es neue Orte zu besichtigen, neue Kulturen zu entdecken und in ganz neue Welten einzutauchen.&nbsp;<\/p>\n\n\n\n<p>Innerhalb Europas hab ich doch schon mittlerweile einiges gesehen. Von Skandinavien, \u00fcber Paris und bis nach Italien. Au\u00dferdem habe ich bereits zweimal eine Reise \u00fcber mehrere Monate nach Amerika gemacht. Erst ein Auslandssemester nach Michigan und dann noch mal als Au-pair nach Chicago. Und ich plane bereits schon wieder meinen n\u00e4chsten Aufenthalt!&nbsp;<\/p>\n\n\n\n<p>Ich freue mich, wenn ihr mich auf meiner Reise begleitet und wir uns vielleicht sogar bald \u00fcber die ein oder anderen Orte und Erfahrungen austauschen werden!<\/p>\n<\/div><\/div>\n\n\n\n<div class=\"wp-block-kadence-column inner-column-2 kadence-column_db9fd8-de\"><div class=\"kt-inside-inner-col\"><\/div><\/div>\n<\/div><\/div><\/div>\n","protected":false},"excerpt":{"rendered":"<p>Willkommen auf meinem Reiseblog!&nbsp; Ich bin Elena, 26, Studentin und vom sch\u00f6nen Niederrhein, direkt an der holl\u00e4ndischen Grenze. Was vermutlich ziemlich offensichtlich ist, aber: Ich liebe es zu reisen. Dabei liebe ich es neue Orte zu besichtigen, neue Kulturen zu entdecken und in ganz neue Welten einzutauchen.&nbsp; Innerhalb Europas hab ich doch schon mittlerweile einiges&#8230;<\/p>\n","protected":false},"author":1,"featured_media":0,"parent":0,"menu_order":0,"comment_status":"closed","ping_status":"closed","template":"","meta":{"inline_featured_image":false,"_kad_blocks_custom_css":"","_kad_blocks_head_custom_js":"","_kad_blocks_body_custom_js":"","_kad_blocks_footer_custom_js":"","_kad_post_transparent":"","_kad_post_title":"","_kad_post_layout":"","_kad_post_sidebar_id":"","_kad_post_content_style":"","_kad_post_vertical_padding":"","_kad_post_feature":"","_kad_post_feature_position":"","_kad_post_header":false,"_kad_post_footer":false},"featured_image_src_large":false,"author_info":{"display_name":"Elena","author_link":"https:\/\/journey-unknown.com\/de\/author\/elenavanbaalontheroad\/"},"comment_info":0,"taxonomy_info":[],"_links":{"self":[{"href":"https:\/\/journey-unknown.com\/de\/wp-json\/wp\/v2\/pages\/738"}],"collection":[{"href":"https:\/\/journey-unknown.com\/de\/wp-json\/wp\/v2\/pages"}],"about":[{"href":"https:\/\/journey-unknown.com\/de\/wp-json\/wp\/v2\/types\/page"}],"author":[{"embeddable":true,"href":"https:\/\/journey-unknown.com\/de\/wp-json\/wp\/v2\/users\/1"}],"replies":[{"embeddable":true,"href":"https:\/\/journey-unknown.com\/de\/wp-json\/wp\/v2\/comments?post=738"}],"version-history":[{"count":3,"href":"https:\/\/journey-unknown.com\/de\/wp-json\/wp\/v2\/pages\/738\/revisions"}],"predecessor-version":[{"id":1428,"href":"https:\/\/journey-unknown.com\/de\/wp-json\/wp\/v2\/pages\/738\/revisions\/1428"}],"wp:attachment":[{"href":"https:\/\/journey-unknown.com\/de\/wp-json\/wp\/v2\/media?parent=738"}],"curies":[{"name":"wp","href":"https:\/\/api.w.org\/{rel}","templated":true}]}}