{"id":778,"date":"2021-09-14T15:46:22","date_gmt":"2021-09-14T13:46:22","guid":{"rendered":"https:\/\/journey-unknown.com\/?page_id=778"},"modified":"2021-09-18T14:36:50","modified_gmt":"2021-09-18T12:36:50","slug":"impressum","status":"publish","type":"page","link":"https:\/\/journey-unknown.com\/de\/impressum\/","title":{"rendered":"Impressum"},"content":{"rendered":"<style id=\"kb-advancedheading_81aca1-ea\">#kt-adv-heading_81aca1-ea mark, #kt-adv-heading_81aca1-ea .wp-block-kadence-advancedheading mark, .kt-adv-heading_81aca1-ea[data-kb-block=\"kb-adv-heading_81aca1-ea\"] mark{padding:0px 0px 0px 0px;}<\/style>\n<h1 class=\"kt-adv-heading_81aca1-ea wp-block-kadence-advancedheading\" data-kb-block=\"kb-adv-heading_81aca1-ea\">Impressum<\/h1>\n\n\n<style id=\"kb-advancedheading_a6dfb3-01\">#kt-adv-heading_a6dfb3-01, #kt-adv-heading_a6dfb3-01 .wp-block-kadence-advancedheading, .wp-block-kadence-advancedheading.kt-adv-heading_a6dfb3-01[data-kb-block=\"kb-adv-heading_a6dfb3-01\"], .kadence-advanced-heading-wrapper .kt-adv-heading_a6dfb3-01[data-kb-block=\"kb-adv-heading_a6dfb3-01\"]{font-weight:bold;}#kt-adv-heading_a6dfb3-01 mark, #kt-adv-heading_a6dfb3-01 .wp-block-kadence-advancedheading mark, .kt-adv-heading_a6dfb3-01[data-kb-block=\"kb-adv-heading_a6dfb3-01\"] mark{padding:0px 0px 0px 0px;}<\/style>\n<h2 class=\"kt-adv-heading_a6dfb3-01 wp-block-kadence-advancedheading\" data-kb-block=\"kb-adv-heading_a6dfb3-01\">Angaben gem\u00e4\u00df \u00a7 5 TMG<\/h2>\n\n\n<style id=\"kb-advancedheading_7df282-a8\">#kt-adv-heading_7df282-a8 mark, #kt-adv-heading_7df282-a8 .wp-block-kadence-advancedheading mark, .kt-adv-heading_7df282-a8[data-kb-block=\"kb-adv-heading_7df282-a8\"] mark{padding:0px 0px 0px 0px;}<\/style>\n<p class=\"kt-adv-heading_7df282-a8 wp-block-kadence-advancedheading\" data-kb-block=\"kb-adv-heading_7df282-a8\">Elena van Baal <br>Triftstr. 210<br>47574 Goch<\/p>\n\n\n<style id=\"kb-advancedheading_341850-c7\">#kt-adv-heading_341850-c7, #kt-adv-heading_341850-c7 .wp-block-kadence-advancedheading, .wp-block-kadence-advancedheading.kt-adv-heading_341850-c7[data-kb-block=\"kb-adv-heading_341850-c7\"], .kadence-advanced-heading-wrapper .kt-adv-heading_341850-c7[data-kb-block=\"kb-adv-heading_341850-c7\"]{font-weight:bold;}#kt-adv-heading_341850-c7 mark, #kt-adv-heading_341850-c7 .wp-block-kadence-advancedheading mark, .kt-adv-heading_341850-c7[data-kb-block=\"kb-adv-heading_341850-c7\"] mark{padding:0px 0px 0px 0px;}<\/style>\n<h2 class=\"kt-adv-heading_341850-c7 wp-block-kadence-advancedheading\" data-kb-block=\"kb-adv-heading_341850-c7\">Kontakt<\/h2>\n\n\n<style id=\"kb-advancedheading_0bebc6-5a\">#kt-adv-heading_0bebc6-5a mark, #kt-adv-heading_0bebc6-5a .wp-block-kadence-advancedheading mark, .kt-adv-heading_0bebc6-5a[data-kb-block=\"kb-adv-heading_0bebc6-5a\"] mark{padding:0px 0px 0px 0px;}<\/style>\n<p class=\"kt-adv-heading_0bebc6-5a wp-block-kadence-advancedheading\" data-kb-block=\"kb-adv-heading_0bebc6-5a\">E-Mail: mail@journey-unknown.com<\/p>\n\n\n\n<h2 class=\"kt-adv-heading_fa1a36-7c wp-block-kadence-advancedheading\" data-kb-block=\"kb-adv-heading_fa1a36-7c\">Bildnachweise<\/h2>\n\n\n\n<p><br><\/p>\n\n\n<style id=\"kb-advancedheading_d9d6ed-df\">#kt-adv-heading_d9d6ed-df, #kt-adv-heading_d9d6ed-df .wp-block-kadence-advancedheading, .wp-block-kadence-advancedheading.kt-adv-heading_d9d6ed-df[data-kb-block=\"kb-adv-heading_d9d6ed-df\"], .kadence-advanced-heading-wrapper .kt-adv-heading_d9d6ed-df[data-kb-block=\"kb-adv-heading_d9d6ed-df\"]{font-weight:bold;}#kt-adv-heading_d9d6ed-df mark, #kt-adv-heading_d9d6ed-df .wp-block-kadence-advancedheading mark, .kt-adv-heading_d9d6ed-df[data-kb-block=\"kb-adv-heading_d9d6ed-df\"] mark{padding:0px 0px 0px 0px;}<\/style>\n<h2 class=\"kt-adv-heading_d9d6ed-df wp-block-kadence-advancedheading\" data-kb-block=\"kb-adv-heading_d9d6ed-df\">G\u00fcltigkeit des Impressums<\/h2>\n\n\n<style id=\"kb-advancedheading_9d60c1-64\">#kt-adv-heading_9d60c1-64 mark, #kt-adv-heading_9d60c1-64 .wp-block-kadence-advancedheading mark, .kt-adv-heading_9d60c1-64[data-kb-block=\"kb-adv-heading_9d60c1-64\"] mark{padding:0px 0px 0px 0px;}<\/style>\n<p class=\"kt-adv-heading_9d60c1-64 wp-block-kadence-advancedheading\" data-kb-block=\"kb-adv-heading_9d60c1-64\">Dieses Impressum gilt auch f\u00fcr unsere Social-Media-Pr\u00e4senzen bei YouTube, Facebook und Instagram.<\/p>\n\n\n<style id=\"kb-advancedheading_558534-97\">#kt-adv-heading_558534-97, #kt-adv-heading_558534-97 .wp-block-kadence-advancedheading, .wp-block-kadence-advancedheading.kt-adv-heading_558534-97[data-kb-block=\"kb-adv-heading_558534-97\"], .kadence-advanced-heading-wrapper .kt-adv-heading_558534-97[data-kb-block=\"kb-adv-heading_558534-97\"]{font-weight:bold;}#kt-adv-heading_558534-97 mark, #kt-adv-heading_558534-97 .wp-block-kadence-advancedheading mark, .kt-adv-heading_558534-97[data-kb-block=\"kb-adv-heading_558534-97\"] mark{padding:0px 0px 0px 0px;}<\/style>\n<h2 class=\"kt-adv-heading_558534-97 wp-block-kadence-advancedheading\" data-kb-block=\"kb-adv-heading_558534-97\">EU-Streitschlichtung<\/h2>\n\n\n<style id=\"kb-advancedheading_5d8bfa-72\">#kt-adv-heading_5d8bfa-72 mark, #kt-adv-heading_5d8bfa-72 .wp-block-kadence-advancedheading mark, .kt-adv-heading_5d8bfa-72[data-kb-block=\"kb-adv-heading_5d8bfa-72\"] mark{padding:0px 0px 0px 0px;}<\/style>\n<p class=\"kt-adv-heading_5d8bfa-72 wp-block-kadence-advancedheading\" data-kb-block=\"kb-adv-heading_5d8bfa-72\">Die Europ\u00e4ische Kommission stellt eine Plattform zur Online-Streitbeilegung (OS) bereit: <a href=\"https:\/\/ec.europa.eu\/consumers\/odr\" target=\"_blank\" rel=\"noreferrer noopener\">https:\/\/ec.europa.eu\/consumers\/odr<\/a>.<br>Unsere E-Mail-Adresse finden Sie oben im Impressum.<\/p>\n\n\n<style id=\"kb-advancedheading_0a47bc-93\">#kt-adv-heading_0a47bc-93, #kt-adv-heading_0a47bc-93 .wp-block-kadence-advancedheading, .wp-block-kadence-advancedheading.kt-adv-heading_0a47bc-93[data-kb-block=\"kb-adv-heading_0a47bc-93\"], .kadence-advanced-heading-wrapper .kt-adv-heading_0a47bc-93[data-kb-block=\"kb-adv-heading_0a47bc-93\"]{font-weight:bold;}#kt-adv-heading_0a47bc-93 mark, #kt-adv-heading_0a47bc-93 .wp-block-kadence-advancedheading mark, .kt-adv-heading_0a47bc-93[data-kb-block=\"kb-adv-heading_0a47bc-93\"] mark{padding:0px 0px 0px 0px;}<\/style>\n<h2 class=\"kt-adv-heading_0a47bc-93 wp-block-kadence-advancedheading\" data-kb-block=\"kb-adv-heading_0a47bc-93\">Verbraucher\u00adstreit\u00adbeilegung\/Universal\u00adschlichtungs\u00adstelle<\/h2>\n\n\n<style id=\"kb-advancedheading_684952-b6\">#kt-adv-heading_684952-b6 mark, #kt-adv-heading_684952-b6 .wp-block-kadence-advancedheading mark, .kt-adv-heading_684952-b6[data-kb-block=\"kb-adv-heading_684952-b6\"] mark{padding:0px 0px 0px 0px;}<\/style>\n<p class=\"kt-adv-heading_684952-b6 wp-block-kadence-advancedheading\" data-kb-block=\"kb-adv-heading_684952-b6\">Wir sind nicht bereit oder verpflichtet, an Streitbeilegungsverfahren vor einer Verbraucherschlichtungsstelle teilzunehmen.<\/p>\n\n\n<style id=\"kb-advancedheading_a3ff65-d7\">#kt-adv-heading_a3ff65-d7, #kt-adv-heading_a3ff65-d7 .wp-block-kadence-advancedheading, .wp-block-kadence-advancedheading.kt-adv-heading_a3ff65-d7[data-kb-block=\"kb-adv-heading_a3ff65-d7\"], .kadence-advanced-heading-wrapper .kt-adv-heading_a3ff65-d7[data-kb-block=\"kb-adv-heading_a3ff65-d7\"]{font-weight:bold;}#kt-adv-heading_a3ff65-d7 mark, #kt-adv-heading_a3ff65-d7 .wp-block-kadence-advancedheading mark, .kt-adv-heading_a3ff65-d7[data-kb-block=\"kb-adv-heading_a3ff65-d7\"] mark{padding:0px 0px 0px 0px;}<\/style>\n<h2 class=\"kt-adv-heading_a3ff65-d7 wp-block-kadence-advancedheading\" data-kb-block=\"kb-adv-heading_a3ff65-d7\">Haftung f\u00fcr Inhalte<\/h2>\n\n\n<style id=\"kb-advancedheading_42d507-c5\">#kt-adv-heading_42d507-c5 mark, #kt-adv-heading_42d507-c5 .wp-block-kadence-advancedheading mark, .kt-adv-heading_42d507-c5[data-kb-block=\"kb-adv-heading_42d507-c5\"] mark{padding:0px 0px 0px 0px;}<\/style>\n<p class=\"kt-adv-heading_42d507-c5 wp-block-kadence-advancedheading\" data-kb-block=\"kb-adv-heading_42d507-c5\">Als Diensteanbieter sind wir gem\u00e4\u00df \u00a7 7 Abs.1 TMG f\u00fcr eigene Inhalte auf diesen Seiten nach den allgemeinen Gesetzen verantwortlich. Nach \u00a7\u00a7 8 bis 10 TMG sind wir als Diensteanbieter jedoch nicht verpflichtet, \u00fcbermittelte oder gespeicherte fremde Informationen zu \u00fcberwachen oder nach Umst\u00e4nden zu forschen, die auf eine rechtswidrige T\u00e4tigkeit hinweisen.<\/p>\n\n\n<style id=\"kb-advancedheading_cd3c51-54\">#kt-adv-heading_cd3c51-54 mark, #kt-adv-heading_cd3c51-54 .wp-block-kadence-advancedheading mark, .kt-adv-heading_cd3c51-54[data-kb-block=\"kb-adv-heading_cd3c51-54\"] mark{padding:0px 0px 0px 0px;}<\/style>\n<p class=\"kt-adv-heading_cd3c51-54 wp-block-kadence-advancedheading\" data-kb-block=\"kb-adv-heading_cd3c51-54\">Verpflichtungen zur Entfernung oder Sperrung der Nutzung von Informationen nach den allgemeinen Gesetzen bleiben hiervon unber\u00fchrt. Eine diesbez\u00fcgliche Haftung ist jedoch erst ab dem Zeitpunkt der Kenntnis einer konkreten Rechtsverletzung m\u00f6glich. Bei Bekanntwerden von entsprechenden Rechtsverletzungen werden wir diese Inhalte umgehend entfernen.<\/p>\n\n\n<style id=\"kb-advancedheading_19918b-fc\">#kt-adv-heading_19918b-fc, #kt-adv-heading_19918b-fc .wp-block-kadence-advancedheading, .wp-block-kadence-advancedheading.kt-adv-heading_19918b-fc[data-kb-block=\"kb-adv-heading_19918b-fc\"], .kadence-advanced-heading-wrapper .kt-adv-heading_19918b-fc[data-kb-block=\"kb-adv-heading_19918b-fc\"]{font-weight:bold;}#kt-adv-heading_19918b-fc mark, #kt-adv-heading_19918b-fc .wp-block-kadence-advancedheading mark, .kt-adv-heading_19918b-fc[data-kb-block=\"kb-adv-heading_19918b-fc\"] mark{padding:0px 0px 0px 0px;}<\/style>\n<h2 class=\"kt-adv-heading_19918b-fc wp-block-kadence-advancedheading\" data-kb-block=\"kb-adv-heading_19918b-fc\">Haftung f\u00fcr Links<\/h2>\n\n\n<style id=\"kb-advancedheading_43f816-8b\">#kt-adv-heading_43f816-8b mark, #kt-adv-heading_43f816-8b .wp-block-kadence-advancedheading mark, .kt-adv-heading_43f816-8b[data-kb-block=\"kb-adv-heading_43f816-8b\"] mark{padding:0px 0px 0px 0px;}<\/style>\n<p class=\"kt-adv-heading_43f816-8b wp-block-kadence-advancedheading\" data-kb-block=\"kb-adv-heading_43f816-8b\">Unser Angebot enth\u00e4lt Links zu externen Websites Dritter, auf deren Inhalte wir keinen Einfluss haben. Deshalb k\u00f6nnen wir f\u00fcr diese fremden Inhalte auch keine Gew\u00e4hr \u00fcbernehmen. F\u00fcr die Inhalte der verlinkten Seiten ist stets der jeweilige Anbieter oder Betreiber der Seiten verantwortlich. Die verlinkten Seiten wurden zum Zeitpunkt der Verlinkung auf m\u00f6gliche Rechtsverst\u00f6\u00dfe \u00fcberpr\u00fcft. Rechtswidrige Inhalte waren zum Zeitpunkt der Verlinkung nicht erkennbar.<\/p>\n\n\n<style id=\"kb-advancedheading_55f967-5a\">#kt-adv-heading_55f967-5a mark, #kt-adv-heading_55f967-5a .wp-block-kadence-advancedheading mark, .kt-adv-heading_55f967-5a[data-kb-block=\"kb-adv-heading_55f967-5a\"] mark{padding:0px 0px 0px 0px;}<\/style>\n<p class=\"kt-adv-heading_55f967-5a wp-block-kadence-advancedheading\" data-kb-block=\"kb-adv-heading_55f967-5a\">Eine permanente inhaltliche Kontrolle der verlinkten Seiten ist jedoch ohne konkrete Anhaltspunkte einer Rechtsverletzung nicht zumutbar. Bei Bekanntwerden von Rechtsverletzungen werden wir derartige Links umgehend entfernen.<\/p>\n\n\n<style id=\"kb-advancedheading_0eae78-95\">#kt-adv-heading_0eae78-95, #kt-adv-heading_0eae78-95 .wp-block-kadence-advancedheading, .wp-block-kadence-advancedheading.kt-adv-heading_0eae78-95[data-kb-block=\"kb-adv-heading_0eae78-95\"], .kadence-advanced-heading-wrapper .kt-adv-heading_0eae78-95[data-kb-block=\"kb-adv-heading_0eae78-95\"]{font-weight:bold;}#kt-adv-heading_0eae78-95 mark, #kt-adv-heading_0eae78-95 .wp-block-kadence-advancedheading mark, .kt-adv-heading_0eae78-95[data-kb-block=\"kb-adv-heading_0eae78-95\"] mark{padding:0px 0px 0px 0px;}<\/style>\n<h2 class=\"kt-adv-heading_0eae78-95 wp-block-kadence-advancedheading\" data-kb-block=\"kb-adv-heading_0eae78-95\">Urheberrecht<\/h2>\n\n\n<style id=\"kb-advancedheading_ac8001-97\">#kt-adv-heading_ac8001-97 mark, #kt-adv-heading_ac8001-97 .wp-block-kadence-advancedheading mark, .kt-adv-heading_ac8001-97[data-kb-block=\"kb-adv-heading_ac8001-97\"] mark{padding:0px 0px 0px 0px;}<\/style>\n<p class=\"kt-adv-heading_ac8001-97 wp-block-kadence-advancedheading\" data-kb-block=\"kb-adv-heading_ac8001-97\">Die durch die Seitenbetreiber erstellten Inhalte und Werke auf diesen Seiten unterliegen dem deutschen Urheberrecht. Die Vervielf\u00e4ltigung, Bearbeitung, Verbreitung und jede Art der Verwertung au\u00dferhalb der Grenzen des Urheberrechtes bed\u00fcrfen der schriftlichen Zustimmung des jeweiligen Autors bzw. Erstellers. Downloads und Kopien dieser Seite sind nur f\u00fcr den privaten, nicht kommerziellen Gebrauch gestattet.<\/p>\n\n\n<style id=\"kb-advancedheading_20d574-e7\">#kt-adv-heading_20d574-e7 mark, #kt-adv-heading_20d574-e7 .wp-block-kadence-advancedheading mark, .kt-adv-heading_20d574-e7[data-kb-block=\"kb-adv-heading_20d574-e7\"] mark{padding:0px 0px 0px 0px;}<\/style>\n<p class=\"kt-adv-heading_20d574-e7 wp-block-kadence-advancedheading\" data-kb-block=\"kb-adv-heading_20d574-e7\">Soweit die Inhalte auf dieser Seite nicht vom Betreiber erstellt wurden, werden die Urheberrechte Dritter beachtet. Insbesondere werden Inhalte Dritter als solche gekennzeichnet. Sollten Sie trotzdem auf eine Urheberrechtsverletzung aufmerksam werden, bitten wir um einen entsprechenden Hinweis. Bei Bekanntwerden von Rechtsverletzungen werden wir derartige Inhalte umgehend entfernen.<\/p>\n","protected":false},"excerpt":{"rendered":"<p>Impressum Angaben gem\u00e4\u00df \u00a7 5 TMG Elena van Baal Triftstr. 21047574 Goch Kontakt E-Mail: mail@journey-unknown.com Bildnachweise G\u00fcltigkeit des Impressums Dieses Impressum gilt auch f\u00fcr unsere Social-Media-Pr\u00e4senzen bei YouTube, Facebook und Instagram. EU-Streitschlichtung Die Europ\u00e4ische Kommission stellt eine Plattform zur Online-Streitbeilegung (OS) bereit: https:\/\/ec.europa.eu\/consumers\/odr.Unsere E-Mail-Adresse finden Sie oben im Impressum. Verbraucher\u00adstreit\u00adbeilegung\/Universal\u00adschlichtungs\u00adstelle Wir sind nicht bereit oder&#8230;<\/p>\n","protected":false},"author":1,"featured_media":0,"parent":0,"menu_order":0,"comment_status":"closed","ping_status":"closed","template":"","meta":{"inline_featured_image":false,"_kad_blocks_custom_css":"","_kad_blocks_head_custom_js":"","_kad_blocks_body_custom_js":"","_kad_blocks_footer_custom_js":"","_kad_post_transparent":"","_kad_post_title":"","_kad_post_layout":"","_kad_post_sidebar_id":"","_kad_post_content_style":"","_kad_post_vertical_padding":"","_kad_post_feature":"","_kad_post_feature_position":"","_kad_post_header":false,"_kad_post_footer":false},"featured_image_src_large":false,"author_info":{"display_name":"Elena","author_link":"https:\/\/journey-unknown.com\/de\/author\/elenavanbaalontheroad\/"},"comment_info":0,"taxonomy_info":[],"_links":{"self":[{"href":"https:\/\/journey-unknown.com\/de\/wp-json\/wp\/v2\/pages\/778"}],"collection":[{"href":"https:\/\/journey-unknown.com\/de\/wp-json\/wp\/v2\/pages"}],"about":[{"href":"https:\/\/journey-unknown.com\/de\/wp-json\/wp\/v2\/types\/page"}],"author":[{"embeddable":true,"href":"https:\/\/journey-unknown.com\/de\/wp-json\/wp\/v2\/users\/1"}],"replies":[{"embeddable":true,"href":"https:\/\/journey-unknown.com\/de\/wp-json\/wp\/v2\/comments?post=778"}],"version-history":[{"count":4,"href":"https:\/\/journey-unknown.com\/de\/wp-json\/wp\/v2\/pages\/778\/revisions"}],"predecessor-version":[{"id":873,"href":"https:\/\/journey-unknown.com\/de\/wp-json\/wp\/v2\/pages\/778\/revisions\/873"}],"wp:attachment":[{"href":"https:\/\/journey-unknown.com\/de\/wp-json\/wp\/v2\/media?parent=778"}],"curies":[{"name":"wp","href":"https:\/\/api.w.org\/{rel}","templated":true}]}}